{"id":25971,"date":"2023-05-05T09:04:05","date_gmt":"2023-05-05T08:04:05","guid":{"rendered":"https:\/\/old-diearlbergerin.projectwebtec.com\/informativa-sui-cookie\/"},"modified":"2023-05-05T09:04:24","modified_gmt":"2023-05-05T08:04:24","slug":"informativa-sui-cookie","status":"publish","type":"page","link":"https:\/\/old-diearlbergerin.projectwebtec.com\/it\/informativa-sui-cookie\/","title":{"rendered":"Informativa sui cookie"},"content":{"rendered":"<p>[et_pb_section fb_built=&#8221;1&#8243; _builder_version=&#8221;3.19.9&#8243;][et_pb_row _builder_version=&#8221;3.19.9&#8243;][et_pb_column type=&#8221;4_4&#8243; _builder_version=&#8221;3.19.9&#8243; parallax=&#8221;off&#8221; parallax_method=&#8221;on&#8221;][et_pb_text _builder_version=&#8221;3.19.9&#8243;]<\/p>\n<div class=\"et_pb_module et_pb_text et_pb_text_0 et_pb_bg_layout_light et_pb_text_align_left\">\n<div class=\"et_pb_text_inner\">\n<h1 class=\"post-title\">Informativa sui cookie<\/h1>\n<p>Il nostro sito web utilizza i cookie. I cookie sono piccoli file di testo che vengono memorizzati nel browser Internet o dal browser Internet sul sistema informatico dell&#8217;utente. Quando un utente accede a un sito web, un cookie pu\u00f2 essere memorizzato sul sistema operativo dell&#8217;utente. Questo cookie contiene una stringa caratteristica di caratteri che consente di identificare in modo univoco il browser quando si richiama il sito web. Utilizziamo i cookie per rendere il nostro sito web pi\u00f9 facile da usare, efficace e sicuro. Inoltre, i cookie consentono ai nostri sistemi di riconoscere il vostro browser anche dopo un cambio di pagina e di offrirvi servizi. Alcune funzioni del nostro sito web non possono essere offerte senza l&#8217;uso dei cookie. Per questo \u00e8 necessario che il browser venga riconosciuto anche dopo un cambio di pagina.<\/p>\n<p><strong>Utilizziamo i seguenti cookie:<\/strong><\/p>\n<ul>\n<li>Cookie di sessione: si tratta di cookie che vengono temporaneamente memorizzati esclusivamente per la durata dell&#8217;utilizzo del nostro sito web.<\/li>\n<li>Cookie persistenti: si tratta di cookie che conservano informazioni sui visitatori che accedono ripetutamente al nostro sito web. Lo scopo dell&#8217;utilizzo di questi cookie \u00e8 quello di offrire un&#8217;esperienza utente ottimale, nonch\u00e9 di riconoscere i visitatori e di poter presentare un sito web il pi\u00f9 attraente possibile e contenuti interessanti in caso di utilizzo ripetuto.<\/li>\n<li>Cookie di prima parte e di terza parte: al successivo richiamo di questo sito web con lo stesso terminale, il cookie e le informazioni in esso memorizzate vengono rinviate al sito web che lo ha generato (cookie di prima parte) o inviate a un altro sito web a cui appartiene (cookie di terza parte).<\/li>\n<\/ul>\n<p>&nbsp;<\/p>\n<p><strong>Base giuridica per l&#8217;utilizzo dei cookie:<\/strong><\/p>\n<ul>\n<li><strong>Google Analytics: <\/strong> Google Analytics viene utilizzato per analizzare il traffico del sito web. <a href=\"https:\/\/www.google.com\/analytics\/terms\/us.html\">Richiamare i termini e le condizioni del servizio<\/a><\/li>\n<li><strong>Pixel di Facebook: <\/strong> Il Pixel di Facebook viene utilizzato per analizzare il comportamento dei visitatori. <a href=\"https:\/\/www.facebook.com\/legal\/terms\/update\">Richiamare i termini e le condizioni del servizio<\/a><\/li>\n<\/ul>\n<p>&nbsp;<\/p>\n<p>Il trattamento si basa sulla legge austriaca sui media e sul commercio elettronico, nonch\u00e9 sull&#8217;art. 6 (1) lett. f DSGVO dal legittimo interesse per le finalit\u00e0 di cui sopra.<br \/>I dati raccolti in questo modo sono pseudonimizzati mediante precauzioni tecniche. L&#8217;assegnazione dei dati alla vostra persona non \u00e8 quindi pi\u00f9 possibile. I dati non saranno conservati insieme ad altri dati personali dell&#8217;utente.<br \/><em><strong>Avete il diritto di opporvi in qualsiasi momento a questo trattamento dei dati personali che vi riguardano in base all&#8217;art. 6 (1) f DSGVO per motivi derivanti dalla vostra situazione particolare.<\/strong><\/em><br \/>I cookie vengono memorizzati sul vostro computer. Pertanto, l&#8217;utente ha il pieno controllo sull&#8217;uso dei cookie. Selezionando le impostazioni tecniche appropriate nel vostro browser Internet, potete impedire la memorizzazione dei cookie e la trasmissione dei dati in essi contenuti. I cookie gi\u00e0 salvati possono essere cancellati in qualsiasi momento. Tuttavia, desideriamo sottolineare che in tal caso potreste non essere in grado di utilizzare appieno tutte le funzioni di questo sito web.<br \/>Per sapere come gestire (compresa la disattivazione) i cookie nei principali browser, \u00e8 possibile seguire i link riportati di seguito:<br \/>Browser Chrome: <a href=\"https:\/\/support.google.com\/accounts\/answer\/61416?hl=de\">https:\/\/support.google.com\/accounts\/answer\/61416?hl=de<\/a><br \/>Internet Explorer: <a href=\"https:\/\/support.microsoft.com\/de-de\/help\/17442\/windows-internet-explorer-delete-manage-cookies\">https:\/\/support.microsoft.com\/de-de\/help\/17442\/windows-internet-explorer-delete-manage-cookies<\/a><br \/>Mozilla Firefox: <a href=\"https:\/\/support.mozilla.org\/de\/kb\/cookies-erlauben-und-ablehnen\">https:\/\/support.mozilla.org\/de\/kb\/cookies-erlauben-und-ablehnen<\/a><br \/>Safari: <a href=\"https:\/\/support.apple.com\/de-de\/guide\/safari\/manage-cookies-and-website-data-sfri11471\/mac\">https:\/\/support.apple.com\/de-de\/guide\/safari\/manage-cookies-and-website-data-sfri11471\/mac<\/a><\/p>\n<\/div>\n<\/div>\n<p>[\/et_pb_text][\/et_pb_column][\/et_pb_row][\/et_pb_section]<\/p>\n<span class=\"et_bloom_bottom_trigger\"><\/span>","protected":false},"excerpt":{"rendered":"<p>Informativa sui cookie Il nostro sito web utilizza i cookie. I cookie sono piccoli file di testo che vengono memorizzati nel browser Internet o dal browser Internet sul sistema informatico dell&#8217;utente. Quando un utente accede a un sito web, un cookie pu\u00f2 essere memorizzato sul sistema operativo dell&#8217;utente. Questo cookie contiene una stringa caratteristica di [&hellip;]<\/p>\n","protected":false},"author":37,"featured_media":0,"parent":0,"menu_order":0,"comment_status":"closed","ping_status":"closed","template":"","meta":{"_et_pb_use_builder":"on","_et_pb_old_content":"","_et_gb_content_width":"","inline_featured_image":false,"footnotes":""},"class_list":["post-25971","page","type-page","status-publish","hentry"],"aioseo_notices":[],"_links":{"self":[{"href":"https:\/\/old-diearlbergerin.projectwebtec.com\/it\/wp-json\/wp\/v2\/pages\/25971","targetHints":{"allow":["GET"]}}],"collection":[{"href":"https:\/\/old-diearlbergerin.projectwebtec.com\/it\/wp-json\/wp\/v2\/pages"}],"about":[{"href":"https:\/\/old-diearlbergerin.projectwebtec.com\/it\/wp-json\/wp\/v2\/types\/page"}],"author":[{"embeddable":true,"href":"https:\/\/old-diearlbergerin.projectwebtec.com\/it\/wp-json\/wp\/v2\/users\/37"}],"replies":[{"embeddable":true,"href":"https:\/\/old-diearlbergerin.projectwebtec.com\/it\/wp-json\/wp\/v2\/comments?post=25971"}],"version-history":[{"count":1,"href":"https:\/\/old-diearlbergerin.projectwebtec.com\/it\/wp-json\/wp\/v2\/pages\/25971\/revisions"}],"predecessor-version":[{"id":25994,"href":"https:\/\/old-diearlbergerin.projectwebtec.com\/it\/wp-json\/wp\/v2\/pages\/25971\/revisions\/25994"}],"wp:attachment":[{"href":"https:\/\/old-diearlbergerin.projectwebtec.com\/it\/wp-json\/wp\/v2\/media?parent=25971"}],"curies":[{"name":"wp","href":"https:\/\/api.w.org\/{rel}","templated":true}]}}