{"id":25977,"date":"2023-05-05T09:04:05","date_gmt":"2023-05-05T08:04:05","guid":{"rendered":"https:\/\/old-diearlbergerin.projectwebtec.com\/condizioni-di-cancellazione\/"},"modified":"2024-10-24T12:41:09","modified_gmt":"2024-10-24T11:41:09","slug":"condizioni-di-cancellazione","status":"publish","type":"page","link":"https:\/\/old-diearlbergerin.projectwebtec.com\/it\/condizioni-di-cancellazione\/","title":{"rendered":"Condizioni di cancellazione"},"content":{"rendered":"<p>[et_pb_section fb_built=&#8221;1&#8243; module_class=&#8221;kopf-sektion&#8221; _builder_version=&#8221;4.16&#8243; background_image=&#8221;https:\/\/old-diearlbergerin.projectwebtec.com\/wp-content\/uploads\/2019\/02\/headerbild-ferienhaus-aktivitaeten-neu.jpg&#8221; background_size=&#8221;initial&#8221; background_position=&#8221;top_center&#8221; custom_margin=&#8221;0px||0px|&#8221; custom_padding=&#8221;0px||0px|&#8221; collapsed=&#8221;off&#8221; global_colors_info=&#8221;{}&#8221;][et_pb_row column_structure=&#8221;1_4,1_4,1_4,1_4&#8243; use_custom_gutter=&#8221;on&#8221; gutter_width=&#8221;2&#8243; make_equal=&#8221;on&#8221; disabled_on=&#8221;on|on|off&#8221; admin_label=&#8221;Linea&#8221; module_class=&#8221;zeile-header et_pb_row_fullwidth&#8221; _builder_version=&#8221;4.7.7&#8243; width=&#8221;94%&#8221; width_tablet=&#8221;80%&#8221; width_phone=&#8221;&#8221; width_last_edited=&#8221;on|desktop&#8221; max_width=&#8221;94%&#8221; max_width_tablet=&#8221;80%&#8221; max_width_phone=&#8221;&#8221; max_width_last_edited=&#8221;on|desktop&#8221; module_alignment=&#8221;center&#8221; custom_margin=&#8221;0px||0px|&#8221; custom_padding=&#8221;0px||0px|&#8221; make_fullwidth=&#8221;on&#8221; global_module=&#8221;463&#8243; global_colors_info=&#8221;{}&#8221;][et_pb_column type=&#8221;1_4&#8243; module_id=&#8221;logos&#8221; _builder_version=&#8221;4.16&#8243; background_size=&#8221;contain&#8221; background_position=&#8221;top_center&#8221; custom_padding=&#8221;|||2.5%&#8221; custom_css_main_element=&#8221;background-size: 100%&#8221; global_colors_info=&#8221;{}&#8221; custom_padding__hover=&#8221;|||&#8221;][et_pb_divider show_divider=&#8221;off&#8221; _builder_version=&#8221;4.16&#8243; height=&#8221;100px&#8221; global_colors_info=&#8221;{}&#8221;][\/et_pb_divider][et_pb_divider show_divider=&#8221;off&#8221; _builder_version=&#8221;4.16&#8243; height=&#8221;75px&#8221; global_colors_info=&#8221;{}&#8221;][\/et_pb_divider][\/et_pb_column][et_pb_column type=&#8221;1_4&#8243; _builder_version=&#8221;4.16&#8243; custom_padding=&#8221;20px|||&#8221; global_colors_info=&#8221;{}&#8221; custom_padding__hover=&#8221;|||&#8221;][\/et_pb_column][et_pb_column type=&#8221;1_4&#8243; _builder_version=&#8221;4.16&#8243; custom_padding=&#8221;20px|||&#8221; global_colors_info=&#8221;{}&#8221; custom_padding__hover=&#8221;|||&#8221;][et_pb_blurb use_icon=&#8221;on&#8221; font_icon=&#8221;&#xe090;||divi||400&#8243; icon_color=&#8221;#ffffff&#8221; image_icon_background_color=&#8221;rgba(255,255,255,0)&#8221; icon_placement=&#8221;left&#8221; image_icon_width=&#8221;10&#8243; admin_label=&#8221;Nummer&#8221; module_class=&#8221;telefonnummer&#8221; _builder_version=&#8221;4.16&#8243; body_font=&#8221;Open Sans|600|||||||&#8221; body_text_align=&#8221;right&#8221; body_text_color=&#8221;#ffffff&#8221; body_font_size=&#8221;16&#8243; image_icon_custom_padding=&#8221;8px|8px|8px|8px|false|false&#8221; text_orientation=&#8221;right&#8221; background_layout=&#8221;dark&#8221; custom_margin=&#8221;|0px||&#8221; custom_padding=&#8221;|0px||&#8221; animation=&#8221;off&#8221; border_radii_image=&#8221;on|100%|100%|100%|100%&#8221; border_width_all_image=&#8221;2px&#8221; border_color_all_image=&#8221;#ffffff&#8221; icon_font_size=&#8221;10&#8243; use_circle=&#8221;on&#8221; use_circle_border=&#8221;on&#8221; circle_border_color=&#8221;#ffffff&#8221; circle_color=&#8221;rgba(255,255,255,0)&#8221; saved_tabs=&#8221;all&#8221; global_colors_info=&#8221;{}&#8221; image_icon_background_color__sticky_enabled=&#8221;#975b63&#8243; image_icon_background_color__sticky=&#8221;#975b63&#8243;]<\/p>\n<p style=\"text-align: right;\"><a href=\"tel:+4354462243\"><span style=\"color: #ffffff;\">+43 5446 2243<\/span><\/a><\/p>\n<p>[\/et_pb_blurb][\/et_pb_column][et_pb_column type=&#8221;1_4&#8243; _builder_version=&#8221;4.16&#8243; custom_padding=&#8221;20px|||&#8221; global_colors_info=&#8221;{}&#8221; custom_padding__hover=&#8221;|||&#8221;][et_pb_blurb use_icon=&#8221;on&#8221; font_icon=&#8221;&#xe010;||divi||400&#8243; icon_color=&#8221;#ffffff&#8221; image_icon_background_color=&#8221;rgba(151,91,99,0)&#8221; icon_placement=&#8221;left&#8221; image_icon_width=&#8221;10&#8243; admin_label=&#8221;E-Mail&#8221; _builder_version=&#8221;4.16&#8243; header_line_height=&#8221;1.7&#8243; body_font=&#8221;Open Sans|600|||||||&#8221; body_text_align=&#8221;left&#8221; body_text_color=&#8221;#ffffff&#8221; body_font_size=&#8221;16&#8243; image_icon_custom_padding=&#8221;8px|8px|8px|8px|false|false&#8221; text_orientation=&#8221;center&#8221; background_layout=&#8221;dark&#8221; custom_margin=&#8221;|||0px&#8221; custom_padding=&#8221;|||0px&#8221; animation=&#8221;off&#8221; border_radii_image=&#8221;on|100%|100%|100%|100%&#8221; border_width_all_image=&#8221;2px&#8221; border_color_all_image=&#8221;#ffffff&#8221; icon_font_size=&#8221;10&#8243; use_circle=&#8221;on&#8221; use_circle_border=&#8221;on&#8221; circle_border_color=&#8221;#ffffff&#8221; circle_color=&#8221;rgba(151,91,99,0)&#8221; saved_tabs=&#8221;all&#8221; global_colors_info=&#8221;{}&#8221; image_icon_background_color__sticky_enabled=&#8221;#975b63&#8243; image_icon_background_color__sticky=&#8221;#975b63&#8243;]<span style=\"color: #ffffff;\"><a style=\"color: #ffffff;\" href=\"mailto:hotel@old-diearlbergerin.projectwebtec.com\">hotel@old-diearlbergerin.projectwebtec.com<\/a><\/span>[\/et_pb_blurb][\/et_pb_column][\/et_pb_row][et_pb_row column_structure=&#8221;1_3,1_3,1_3&#8243; _builder_version=&#8221;4.16&#8243; background_size=&#8221;initial&#8221; background_position=&#8221;top_left&#8221; background_repeat=&#8221;repeat&#8221; global_colors_info=&#8221;{}&#8221;][et_pb_column type=&#8221;1_3&#8243; _builder_version=&#8221;4.16&#8243; custom_padding=&#8221;|||&#8221; global_colors_info=&#8221;{}&#8221; custom_padding__hover=&#8221;|||&#8221;][\/et_pb_column][et_pb_column type=&#8221;1_3&#8243; _builder_version=&#8221;4.16&#8243; custom_padding=&#8221;|||&#8221; global_colors_info=&#8221;{}&#8221; custom_padding__hover=&#8221;|||&#8221;][\/et_pb_column][et_pb_column type=&#8221;1_3&#8243; _builder_version=&#8221;4.16&#8243; custom_padding=&#8221;|||&#8221; global_colors_info=&#8221;{}&#8221; custom_padding__hover=&#8221;|||&#8221;][et_pb_image src=&#8221;https:\/\/old-diearlbergerin.projectwebtec.com\/wp-content\/uploads\/2019\/01\/gro\u00dfes-preis-sticker.png&#8221; align=&#8221;right&#8221; align_tablet=&#8221;center&#8221; align_phone=&#8221;&#8221; align_last_edited=&#8221;on|desktop&#8221; disabled_on=&#8221;on|on|&#8221; admin_label=&#8221;Sticker&#8221; module_id=&#8221;preis-sticker&#8221; _builder_version=&#8221;4.16&#8243; global_colors_info=&#8221;{}&#8221;][\/et_pb_image][et_pb_divider show_divider=&#8221;off&#8221; _builder_version=&#8221;4.16&#8243; height=&#8221;20px&#8221; global_colors_info=&#8221;{}&#8221;][\/et_pb_divider][\/et_pb_column][\/et_pb_row][et_pb_row use_custom_gutter=&#8221;on&#8221; gutter_width=&#8221;1&#8243; make_equal=&#8221;on&#8221; module_class=&#8221; et_pb_row_fullwidth&#8221; _builder_version=&#8221;4.16&#8243; width=&#8221;100%&#8221; width_tablet=&#8221;100%&#8221; width_phone=&#8221;&#8221; width_last_edited=&#8221;on|desktop&#8221; max_width=&#8221;100%&#8221; max_width_tablet=&#8221;100%&#8221; max_width_phone=&#8221;&#8221; max_width_last_edited=&#8221;on|desktop&#8221; module_alignment=&#8221;left&#8221; custom_margin=&#8221;0px||0px|&#8221; custom_padding=&#8221;0px||126px|||&#8221; make_fullwidth=&#8221;on&#8221; global_colors_info=&#8221;{}&#8221;][et_pb_column type=&#8221;4_4&#8243; _builder_version=&#8221;4.16&#8243; custom_padding=&#8221;|||9%&#8221; custom_padding_tablet=&#8221;&#8221; custom_padding_phone=&#8221;&#8221; custom_padding_last_edited=&#8221;on|phone&#8221; global_colors_info=&#8221;{}&#8221; padding_last_edited=&#8221;on|phone&#8221; custom_padding__hover=&#8221;|||&#8221;][et_pb_text admin_label=&#8221;H1&#8243; _builder_version=&#8221;4.16&#8243; header_font=&#8221;Roboto|700|||||||&#8221; header_text_align=&#8221;left&#8221; header_text_color=&#8221;#ffffff&#8221; header_font_size=&#8221;65px&#8221; header_2_font=&#8221;Roboto|700|||||||&#8221; header_2_text_align=&#8221;left&#8221; header_2_text_color=&#8221;#ebb5c2&#8243; header_2_font_size=&#8221;65px&#8221; header_font_size_tablet=&#8221;45px&#8221; header_font_size_phone=&#8221;30px&#8221; header_font_size_last_edited=&#8221;on|phone&#8221; header_2_font_size_tablet=&#8221;45&#8243; header_2_font_size_phone=&#8221;30&#8243; header_2_font_size_last_edited=&#8221;on|phone&#8221; global_colors_info=&#8221;{}&#8221;]<\/p>\n<h1>Condizioni di cancellazione<\/h1>\n<h2>Booking Life Balance &#8211; La cancellazione pi\u00f9 semplice di sempre<\/h2>\n<p>[\/et_pb_text][\/et_pb_column][\/et_pb_row][\/et_pb_section][et_pb_section fb_built=&#8221;1&#8243; _builder_version=&#8221;4.16&#8243; _module_preset=&#8221;default&#8221; custom_padding=&#8221;0px|||||&#8221; global_colors_info=&#8221;{}&#8221;][et_pb_row _builder_version=&#8221;4.16&#8243; _module_preset=&#8221;default&#8221; global_colors_info=&#8221;{}&#8221;][et_pb_column type=&#8221;4_4&#8243; _builder_version=&#8221;4.16&#8243; _module_preset=&#8221;default&#8221; global_colors_info=&#8221;{}&#8221;][et_pb_text admin_label=&#8221;Text: F\u00fcr Sie liebe G\u00e4ste &#8230;&#8221; _builder_version=&#8221;4.16&#8243; _module_preset=&#8221;default&#8221; global_colors_info=&#8221;{}&#8221;]<\/p>\n<p>Per voi, cari ospiti, abbiamo pensato a qualcosa di molto speciale. Abbiamo messo a punto la nuova <strong>strategia di equilibrio di<\/strong> Sonnbichl <strong>Booking Life<\/strong> in modo che tu possa prenotare la tua vacanza senza preoccuparti della situazione tra qualche settimana. Il nuovo modulo di prenotazione si compone di <strong>3 novit\u00e0 fondamentali<\/strong>.<\/p>\n<p>[\/et_pb_text][\/et_pb_column][\/et_pb_row][et_pb_row column_structure=&#8221;1_3,1_3,1_3&#8243; use_custom_gutter=&#8221;on&#8221; make_equal=&#8221;on&#8221; _builder_version=&#8221;4.16&#8243; _module_preset=&#8221;default&#8221; custom_padding=&#8221;0px|||||&#8221; global_colors_info=&#8221;{}&#8221;][et_pb_column type=&#8221;1_3&#8243; _builder_version=&#8221;4.16&#8243; _module_preset=&#8221;default&#8221; background_color=&#8221;#975b63&#8243; custom_padding=&#8221;25px|20px|25px|20px|true|true&#8221; global_colors_info=&#8221;{}&#8221;][et_pb_blurb title=&#8221;2 diversi tipi di prezzo:&#8221; use_icon=&#8221;on&#8221; font_icon=&#8221;&#xe031;||divi||400&#8243; icon_color=&#8221;#ffffff&#8221; image_icon_width=&#8221;35px&#8221; _builder_version=&#8221;4.20.4&#8243; _module_preset=&#8221;default&#8221; header_font=&#8221;|700|||||||&#8221; header_text_align=&#8221;center&#8221; header_text_color=&#8221;#ffffff&#8221; body_text_align=&#8221;center&#8221; body_text_color=&#8221;#ffffff&#8221; body_font_size=&#8221;16px&#8221; min_height=&#8221;200px&#8221; animation=&#8221;off&#8221; icon_font_size=&#8221;35px&#8221; global_colors_info=&#8221;{}&#8221;]<\/p>\n<p>\u272d Tasso STABILE \u2606 Tasso BREVE NON RIMBORSABILE Tasso Verde <\/p>\n<p>&nbsp;<\/p>\n<p>[\/et_pb_blurb][et_pb_button button_url=&#8221;#preistypen&#8221; button_text=&#8221;Per saperne di pi\u00f9&#8221; button_alignment=&#8221;center&#8221; _builder_version=&#8221;4.16&#8243; _module_preset=&#8221;default&#8221; custom_button=&#8221;on&#8221; button_text_size=&#8221;14px&#8221; custom_css_main_element=&#8221;width: 100% !important;&#8221; global_colors_info=&#8221;{}&#8221;][\/et_pb_button][\/et_pb_column][et_pb_column type=&#8221;1_3&#8243; _builder_version=&#8221;4.16&#8243; _module_preset=&#8221;default&#8221; background_color=&#8221;#975b63&#8243; custom_padding=&#8221;25px|20px|25px|20px|true|true&#8221; global_colors_info=&#8221;{}&#8221;][et_pb_blurb title=&#8221;Purtroppo arrapato&#8221; use_icon=&#8221;on&#8221; font_icon=&#8221;&#xe031;||divi||400&#8243; icon_color=&#8221;#ffffff&#8221; image_icon_width=&#8221;35px&#8221; _builder_version=&#8221;4.16&#8243; _module_preset=&#8221;default&#8221; header_font=&#8221;|700|||||||&#8221; header_text_align=&#8221;center&#8221; header_text_color=&#8221;#ffffff&#8221; body_text_align=&#8221;center&#8221; body_text_color=&#8221;#ffffff&#8221; body_font_size=&#8221;16px&#8221; min_height=&#8221;200px&#8221; animation=&#8221;off&#8221; icon_font_size=&#8221;35px&#8221; global_colors_info=&#8221;{}&#8221;]La nuova e pi\u00f9 semplice piattaforma di cancellazione[\/et_pb_blurb][et_pb_button button_url=&#8221;#leider-geil&#8221; button_text=&#8221;Per saperne di pi\u00f9&#8221; button_alignment=&#8221;center&#8221; _builder_version=&#8221;4.16&#8243; _module_preset=&#8221;default&#8221; custom_button=&#8221;on&#8221; button_text_size=&#8221;14px&#8221; custom_css_main_element=&#8221;width: 100% !important;&#8221; global_colors_info=&#8221;{}&#8221;][\/et_pb_button][\/et_pb_column][et_pb_column type=&#8221;1_3&#8243; _builder_version=&#8221;4.16&#8243; _module_preset=&#8221;default&#8221; background_color=&#8221;#975b63&#8243; custom_padding=&#8221;25px|20px|25px|20px|true|true&#8221; global_colors_info=&#8221;{}&#8221;][et_pb_blurb title=&#8221;La nostra politica di cancellazione:&#8221; use_icon=&#8221;on&#8221; font_icon=&#8221;&#xe031;||divi||400&#8243; icon_color=&#8221;#ffffff&#8221; image_icon_width=&#8221;35px&#8221; _builder_version=&#8221;4.16&#8243; _module_preset=&#8221;default&#8221; header_font=&#8221;|700|||||||&#8221; header_text_align=&#8221;center&#8221; header_text_color=&#8221;#ffffff&#8221; body_text_align=&#8221;center&#8221; body_text_color=&#8221;#ffffff&#8221; body_font_size=&#8221;16px&#8221; min_height=&#8221;200px&#8221; animation=&#8221;off&#8221; icon_font_size=&#8221;35px&#8221; global_colors_info=&#8221;{}&#8221;]Una protezione ancora pi\u00f9 flessibile per le vostre vacanze[\/et_pb_blurb][et_pb_button button_url=&#8221;#zusatz-pakete&#8221; button_text=&#8221;Per saperne di pi\u00f9&#8221; button_alignment=&#8221;center&#8221; _builder_version=&#8221;4.16&#8243; _module_preset=&#8221;default&#8221; custom_button=&#8221;on&#8221; button_text_size=&#8221;14px&#8221; custom_css_main_element=&#8221;width: 100% !important;&#8221; global_colors_info=&#8221;{}&#8221;][\/et_pb_button][\/et_pb_column][\/et_pb_row][et_pb_row _builder_version=&#8221;4.16&#8243; _module_preset=&#8221;default&#8221; global_colors_info=&#8221;{}&#8221;][et_pb_column type=&#8221;4_4&#8243; _builder_version=&#8221;4.16&#8243; _module_preset=&#8221;default&#8221; global_colors_info=&#8221;{}&#8221;][et_pb_text _builder_version=&#8221;4.20.4&#8243; _module_preset=&#8221;default&#8221; global_colors_info=&#8221;{}&#8221;]<\/p>\n<p>In sintesi, ci\u00f2 significa che potete gi\u00e0 effettuare una prenotazione flessibile con i 4 tipi di prezzo, che potete rendere ancora pi\u00f9 flessibile con un piccolo supplemento.<\/p>\n<p>Se dovete cancellare le vostre meritate vacanze, vi abbiamo messo a disposizione una semplice piattaforma. In questo modo non \u00e8 necessario un lungo verbale per la cancellazione della prenotazione.<\/p>\n<p>[\/et_pb_text][\/et_pb_column][\/et_pb_row][et_pb_row module_id=&#8221;preistypen&#8221; _builder_version=&#8221;4.16&#8243; _module_preset=&#8221;default&#8221; custom_padding=&#8221;||0px||false|false&#8221; global_colors_info=&#8221;{}&#8221;][et_pb_column type=&#8221;4_4&#8243; _builder_version=&#8221;4.16&#8243; _module_preset=&#8221;default&#8221; global_colors_info=&#8221;{}&#8221;][et_pb_text _builder_version=&#8221;4.16&#8243; _module_preset=&#8221;default&#8221; locked=&#8221;off&#8221; global_colors_info=&#8221;{}&#8221;]<\/p>\n<h2><strong>La nostra politica di cancellazione: Una protezione ancora pi\u00f9 flessibile per le vostre vacanze<\/strong><\/h2>\n<p>[\/et_pb_text][\/et_pb_column][\/et_pb_row][et_pb_row column_structure=&#8221;1_2,1_4,1_4&#8243; use_custom_gutter=&#8221;on&#8221; gutter_width=&#8221;2&#8243; make_equal=&#8221;on&#8221; module_id=&#8221;storno-boxen&#8221; _builder_version=&#8221;4.20.4&#8243; _module_preset=&#8221;default&#8221; background_color=&#8221;rgba(0,0,0,0)&#8221; module_alignment=&#8221;center&#8221; custom_margin=&#8221;|auto|150px|auto||&#8221; custom_padding=&#8221;95px||1px|||&#8221; locked=&#8221;off&#8221; global_colors_info=&#8221;{}&#8221;][et_pb_column type=&#8221;1_2&#8243; _builder_version=&#8221;4.16&#8243; _module_preset=&#8221;default&#8221; background_color=&#8221;#ffffff&#8221; custom_padding=&#8221;25px|25px|25px|25px|true|true&#8221; border_width_all=&#8221;1px&#8221; border_color_all=&#8221;#975b63&#8243; global_colors_info=&#8221;{}&#8221;][et_pb_blurb title=&#8221;Tasso STABILE&#8221; use_icon=&#8221;on&#8221; font_icon=&#8221;&#xf005;||fa||900&#8243; image_icon_width=&#8221;35px&#8221; _builder_version=&#8221;4.27.2&#8243; _module_preset=&#8221;default&#8221; header_font=&#8221;|700|||||||&#8221; header_text_align=&#8221;center&#8221; header_text_color=&#8221;#000000&#8243; header_font_size=&#8221;20px&#8221; body_text_align=&#8221;center&#8221; body_text_color=&#8221;#000000&#8243; body_font_size=&#8221;16px&#8221; min_height=&#8221;200px&#8221; custom_margin=&#8221;45px||45px||true|false&#8221; custom_padding=&#8221;|10px||25px|false|false&#8221; animation=&#8221;off&#8221; hover_enabled=&#8221;0&#8243; icon_font_size=&#8221;35px&#8221; global_colors_info=&#8221;{}&#8221; sticky_enabled=&#8221;0&#8243;]<\/p>\n<p><strong>Politica di cancellazione per ospiti privati (1-4 camere):<\/strong><\/p>\n<ul>\n<li>Cancellazione gratuita: fino a 40 giorni prima dell&#8217;arrivo<\/li>\n<li>100% del prezzo dell&#8217;alloggio: da 39 giorni prima dell&#8217;arrivo<\/li>\n<\/ul>\n<p><strong>Condizioni di cancellazione per gruppi di 5 o pi\u00f9 camere<\/strong><\/p>\n<ul>\n<li>Cancellazione gratuita: fino a 120 giorni prima dell&#8217;arrivo<\/li>\n<li>50% del prezzo dell&#8217;alloggio: 119 &#8211; 90 giorni prima dell&#8217;arrivo<\/li>\n<li>80% del prezzo dell&#8217;alloggio: 89 &#8211; 30 giorni prima dell&#8217;arrivo<\/li>\n<li>100% del prezzo dell&#8217;alloggio: da 29 giorni prima dell&#8217;arrivo<\/li>\n<\/ul>\n<p>[\/et_pb_blurb][\/et_pb_column][et_pb_column type=&#8221;1_4&#8243; _builder_version=&#8221;4.16&#8243; _module_preset=&#8221;default&#8221; background_color=&#8221;#ffffff&#8221; custom_padding=&#8221;25px|25px|25px|0px|true|false&#8221; border_width_all=&#8221;1px&#8221; border_color_all=&#8221;#975b63&#8243; global_colors_info=&#8221;{}&#8221;][et_pb_blurb title=&#8221;TASSO STABILE BREVE&#8221; use_icon=&#8221;on&#8221; font_icon=&#8221;&#xe032;||divi||400&#8243; image_icon_width=&#8221;35px&#8221; _builder_version=&#8221;4.20.4&#8243; _module_preset=&#8221;default&#8221; header_font=&#8221;|700|||||||&#8221; header_text_align=&#8221;center&#8221; header_text_color=&#8221;#000000&#8243; header_font_size=&#8221;20px&#8221; body_text_align=&#8221;center&#8221; body_text_color=&#8221;#000000&#8243; body_font_size=&#8221;16px&#8221; min_height=&#8221;200px&#8221; custom_margin=&#8221;45px||45px||true|false&#8221; custom_padding=&#8221;|25px|||false|false&#8221; animation=&#8221;off&#8221; icon_font_size=&#8221;35px&#8221; global_colors_info=&#8221;{}&#8221;]<\/p>\n<p><strong>Politica di cancellazione per soggiorni brevi:<\/strong><\/p>\n<ul>\n<li>Cancellazione gratuita: fino a 40 giorni prima dell&#8217;arrivo<\/li>\n<li>100% del prezzo dell&#8217;alloggio: da 39 giorni prima dell&#8217;arrivo<\/li>\n<\/ul>\n<p>[\/et_pb_blurb][\/et_pb_column][et_pb_column type=&#8221;1_4&#8243; _builder_version=&#8221;4.16&#8243; _module_preset=&#8221;default&#8221; background_color=&#8221;#ffffff&#8221; custom_padding=&#8221;25px|25px|25px|0px|true|false&#8221; border_width_all=&#8221;1px&#8221; border_color_all=&#8221;#975b63&#8243; global_colors_info=&#8221;{}&#8221;][et_pb_blurb title=&#8221;NON RIMBORSABILE&#8221; use_icon=&#8221;on&#8221; font_icon=&#8221;&#xe031;||divi||400&#8243; image_icon_width=&#8221;35px&#8221; _builder_version=&#8221;4.20.4&#8243; _module_preset=&#8221;default&#8221; header_font=&#8221;|700|||||||&#8221; header_text_align=&#8221;center&#8221; header_text_color=&#8221;#000000&#8243; header_font_size=&#8221;20px&#8221; body_text_align=&#8221;center&#8221; body_text_color=&#8221;#000000&#8243; body_font_size=&#8221;16px&#8221; min_height=&#8221;200px&#8221; custom_margin=&#8221;45px||45px||true|false&#8221; custom_padding=&#8221;|||25px|false|false&#8221; animation=&#8221;off&#8221; icon_font_size=&#8221;35px&#8221; global_colors_info=&#8221;{}&#8221;]<\/p>\n<p><strong>Questa prenotazione non \u00e8 rimborsabile<\/strong><\/p>\n<ul>\n<li>Il 100% del prezzo del soggiorno sar\u00e0 addebitato in qualsiasi momento<\/li>\n<\/ul>\n<p>[\/et_pb_blurb][\/et_pb_column][\/et_pb_row][et_pb_row _builder_version=&#8221;4.16&#8243; _module_preset=&#8221;default&#8221; global_colors_info=&#8221;{}&#8221;][et_pb_column type=&#8221;4_4&#8243; _builder_version=&#8221;4.16&#8243; _module_preset=&#8221;default&#8221; global_colors_info=&#8221;{}&#8221;][et_pb_text _builder_version=&#8221;4.27.2&#8243; _module_preset=&#8221;default&#8221; hover_enabled=&#8221;0&#8243; global_colors_info=&#8221;{}&#8221; sticky_enabled=&#8221;0&#8243;]<\/p>\n<p>1<strong>. cancellazione hotel plus<\/strong> Hai la possibilit\u00e0 di stipulare un&#8217;assicurazione di viaggio con Europ\u00e4ische Reiseversicherung direttamente al momento della prenotazione. Seleziona cancellazione hotel plus come servizio aggiuntivo durante il processo di prenotazione.<\/p>\n<p>2<strong>. arrivo posticipato o partenza anticipata:<\/strong> in caso di arrivo posticipato o partenza anticipata dell&#8217;ospite, verr\u00e0 addebitato il 100% del costo totale dell&#8217;alloggio, indipendentemente dal fatto che le camere possano essere vendute altrove.<\/p>\n<p>3<strong>. nessun rimborso:<\/strong> non \u00e8 previsto alcun rimborso se l&#8217;ospite cancella la prenotazione o non si presenta (no-show), indipendentemente dal fatto che le camere possano essere vendute altrove.<br \/><strong><\/strong><\/p>\n<p>4<strong>. modifiche alla prenotazione:<\/strong> qualsiasi modifica a una prenotazione esistente \u00e8 soggetta a disponibilit\u00e0 e pu\u00f2 comportare costi aggiuntivi.<\/p>\n<p><em>Ti ricordiamo che le presenti condizioni di cancellazione sono legalmente vincolanti e si applicano alle prenotazioni effettuate presso il nostro hotel. Raccomandiamo ai nostri ospiti di sottoscrivere un&#8217;assicurazione contro la cancellazione del viaggio per coprire eventuali eventi imprevisti. <\/em><br \/><em>Per ulteriori informazioni o domande, non esitare a contattarci.<\/em><\/p>\n<p>[\/et_pb_text][\/et_pb_column][\/et_pb_row][et_pb_row module_id=&#8221;leider-geil&#8221; _builder_version=&#8221;4.16&#8243; _module_preset=&#8221;default&#8221; custom_padding=&#8221;||0px|||&#8221; global_colors_info=&#8221;{}&#8221;][et_pb_column type=&#8221;4_4&#8243; _builder_version=&#8221;4.16&#8243; _module_preset=&#8221;default&#8221; global_colors_info=&#8221;{}&#8221;][et_pb_text admin_label=&#8221;Text: Besonderers \u201cZuckerl\u201d f\u00fcr Sie &#8230;&#8221; _builder_version=&#8221;4.16&#8243; _module_preset=&#8221;default&#8221; global_colors_info=&#8221;{}&#8221;]<\/p>\n<h2><strong>Una &#8220;chicca&#8221; speciale per voi: Purtroppo Geil &#8211; La cancellazione pi\u00f9 facile di tutti i tempi<\/strong><\/h2>\n<p>  Abbiamo pensato a qualcosa di molto speciale per i nostri ospiti con la nostra cancellazione &#8220;Leider Geil&#8221;. Questo annullamento comprende due parti: Una &#8220;copertura base&#8221; e pacchetti aggiuntivi che vi rendono ancora pi\u00f9 flessibili.[\/et_pb_text][et_pb_text _builder_version=&#8221;4.16&#8243; _module_preset=&#8221;default&#8221; custom_margin=&#8221;||100px||false|false&#8221; global_colors_info=&#8221;{}&#8221;][NEXForms id=&#8221;8&#8243;][\/et_pb_text][\/et_pb_column][\/et_pb_row][\/et_pb_section]<\/p>\n<span class=\"et_bloom_bottom_trigger\"><\/span>","protected":false},"excerpt":{"rendered":"<p>+43 5446 2243hotel@old-diearlbergerin.projectwebtec.comCondizioni di cancellazione Booking Life Balance &#8211; La cancellazione pi\u00f9 semplice di semprePer voi, cari ospiti, abbiamo pensato a qualcosa di molto speciale. Abbiamo messo a punto la nuova strategia di equilibrio di Sonnbichl Booking Life in modo che tu possa prenotare la tua vacanza senza preoccuparti della situazione tra qualche settimana. Il [&hellip;]<\/p>\n","protected":false},"author":37,"featured_media":0,"parent":0,"menu_order":0,"comment_status":"closed","ping_status":"closed","template":"","meta":{"_et_pb_use_builder":"on","_et_pb_old_content":"","_et_gb_content_width":"","inline_featured_image":false,"footnotes":""},"class_list":["post-25977","page","type-page","status-publish","hentry"],"aioseo_notices":[],"_links":{"self":[{"href":"https:\/\/old-diearlbergerin.projectwebtec.com\/it\/wp-json\/wp\/v2\/pages\/25977","targetHints":{"allow":["GET"]}}],"collection":[{"href":"https:\/\/old-diearlbergerin.projectwebtec.com\/it\/wp-json\/wp\/v2\/pages"}],"about":[{"href":"https:\/\/old-diearlbergerin.projectwebtec.com\/it\/wp-json\/wp\/v2\/types\/page"}],"author":[{"embeddable":true,"href":"https:\/\/old-diearlbergerin.projectwebtec.com\/it\/wp-json\/wp\/v2\/users\/37"}],"replies":[{"embeddable":true,"href":"https:\/\/old-diearlbergerin.projectwebtec.com\/it\/wp-json\/wp\/v2\/comments?post=25977"}],"version-history":[{"count":10,"href":"https:\/\/old-diearlbergerin.projectwebtec.com\/it\/wp-json\/wp\/v2\/pages\/25977\/revisions"}],"predecessor-version":[{"id":34427,"href":"https:\/\/old-diearlbergerin.projectwebtec.com\/it\/wp-json\/wp\/v2\/pages\/25977\/revisions\/34427"}],"wp:attachment":[{"href":"https:\/\/old-diearlbergerin.projectwebtec.com\/it\/wp-json\/wp\/v2\/media?parent=25977"}],"curies":[{"name":"wp","href":"https:\/\/api.w.org\/{rel}","templated":true}]}}